{"id":178,"date":"2014-03-10T16:03:04","date_gmt":"2014-03-10T14:03:04","guid":{"rendered":"http:\/\/arbeitstitel.bplaced.de\/?page_id=178"},"modified":"2014-03-10T16:03:04","modified_gmt":"2014-03-10T14:03:04","slug":"uber-unsere-konzerte","status":"publish","type":"page","link":"https:\/\/zeiss-orchester.de\/?page_id=178","title":{"rendered":"\u00dcBER UNSERE KONZERTE"},"content":{"rendered":"\n<!-- Facebook Like Button Vivacity Infotech BEGIN -->\n<div class=\"fb-like\" data-href=\"https:\/\/zeiss-orchester.de\/?page_id=178\" data-layout=\"button\" data-action=\"like\" data-show-faces=\"false\" data-size=\"small\" data-width=\"450\" data-share=\"1\" ><\/div>\n<!-- Facebook Like Button Vivacity Infotech END -->\n<p><strong><span style=\"font-size: medium;\">Unsere\u00a0 Konzerte<\/span><\/strong><\/p>\n<div align=\"justify\">\n<p>Fester Bestandteil unseres Orchesterlebens sind die Konzerte \u201eMeine sch\u00f6nste Melodie\u201c. Der heute vielleicht etwas altmodisch anmutende Name steht f\u00fcr eine Konzertreihe mit Musik der verschiedensten musikalischen Genres, die 1977 von MD Erich Kley ins Leben gerufen wurde.<\/p>\n<p>Zurzeit finden pro Jahr drei Konzerte statt &#8211; im Fr\u00fchling, im Herbst und zu Weihnachten &#8211; was immerhin die stolze Zahl von 140 Auff\u00fchrungen ergibt (Stand Fr\u00fchling 2016)! Gespielt werden sinfonische Werke von Bach \u00fcber Mozart bis Wagner und Elgar, aber nat\u00fcrlich auch Opern-, Operetten- und Musical-Melodien, die f\u00fcr Kenner und Konzert-Anf\u00e4nger gleicherma\u00dfen interessant sein sollen.<br \/>\nOft haben die St\u00fccke thematischen Zusammenhang und das Konzert steht unter einem Motto, so etwa unsere letzten Konzerte, die mit &#8222;Banditen, Gauner, Herzensbrecher&#8220; oder &#8222;Mit charmanten Frauen in den Fr\u00fchling&#8220; \u00fcberschrieben waren. Besonders beliebt sind die Weihnachtskonzerte, zu deren festen Bestandteilen Bl\u00e4sermusik-Einlagen und gemeinsames Singen mit dem Publikum geh\u00f6ren. Eine wesentliche Bereicherung erfahren unsere Konzerte durch Solisten, Gast-Ensembles und Musiker der Jenaer Philharmonie &#8211; allesamt \u201eProfis\u201c &#8211; im Gegensatz zum Orchester, das mit Ausnahme seines langj\u00e4hrigen Dirigenten Roland Weske aus Laienmusikern besteht.<\/p>\n<p>Bereits mehrfach konnte zum Beispiel der Taubacher M\u00e4nnerchor begeistern, ebenso die vor Lebensfreude spr\u00fchende Sopranistin Friederike Meinel, der blutjunge aber gro\u00dfartige Trompeter Linus Krimphove oder der Fagottist Karsten Schmidt. Charmant moderiert werden die Konzerte seit vielen Jahren von Edda Kleist, unserer &#8222;ersten Bratsche&#8220;, die sich immer einmal wieder einen Co- Moderator bzw. eine Co- Moderatorin an die Seite stellt, der ebenfalls unserem Orchester angeh\u00f6rt oder engen Bezug zu uns hat.<\/p>\n<p><strong>Unser Publikum<\/strong><\/p>\n<p>Die Konzertreihe &#8222;Meine sch\u00f6nste Melodie&#8220; hat sich in Jena einen Namen gemacht. Wir erfreuen uns an einem Stammpublikum, dass aus ehemaligen Zeissianern und deren Familien sowie Freunden besteht. F\u00fcr diese Treue sind wir sehr dankbar und auch daf\u00fcr, dass der Seniorenclub Schott Zeiss Jena uns beim Kartenverkauf unterst\u00fctzt.<\/p>\n<\/div>\n<div align=\"justify\">\n<p><a href=\"http:\/\/www.seniorenclub-szj.de\/\" target=\"_blank\">http:\/\/www.seniorenclub-szj.de\/<\/a><\/p>\n<p>Auch neue Interessenten an unserer Musik sind regelm\u00e4\u00dfig in den Zuschauerreihen zu sehen und manch einer, dem unser Auftritt gefallen hat, kommt immer wieder. Das ist sch\u00f6n, denn ohne Publikum kann es keine Konzerte geben!<\/p>\n<p>Erw\u00e4hnt sollte auch sein, dass \u201eMeine sch\u00f6nste Melodie\u201c wesentlich zur \u201eErn\u00e4hrung\u201c unseres Orchesters beitr\u00e4gt. Da es sich fast ausschlie\u00dflich aus Mitgliedsbeitr\u00e4gen und Einnahmen aus dem Kartenverkauf finanziert, sind die Konzerte der Reihe unverzichtbar f\u00fcr das Fortbestehen unseres Orchesters. Und das ist letztlich ein Gewinn f\u00fcr alle: Das Orchester und seine G\u00e4ste geben zur Freude des Publikums ihr Bestes f\u00fcr eine stimmungs- und gehaltvolle Auff\u00fchrung und freuen sich im Gegenzug \u00fcber ein oft ausverkauftes Jenaer Volkshaus!<\/p>\n<p>Neben \u201eMeine sch\u00f6nste Melodie\u201c sind wir zu vielen anderen Anl\u00e4ssen aktiv, so etwa mit Benefiz-Konzerten zugunsten des Pfarrhauses Kunitz, zur Sanierung der Jenaer Stadtkirche sowie musikalisch begleitend bei Veranstaltungen wie dem &#8222;Baumeistertag&#8220; oder der Benefizveranstaltung &#8222;Unbezahlbare Gelegenheiten&#8220;. Dar\u00fcber hinaus gibt es Auftritte au\u00dferhalb Jenas, z.B. zum Stadtjubil\u00e4um von Abensberg (Bayern), zum Neujahrskonzert in Aalen und Oberkochen oder in der Stadthalle Eisenberg.<\/p>\n<\/div>\n\n<!-- Facebook Like Button Vivacity Infotech BEGIN -->\n<div class=\"fb-like\" data-href=\"https:\/\/zeiss-orchester.de\/?page_id=178\" data-layout=\"button\" data-action=\"like\" data-show-faces=\"false\" data-size=\"small\" data-width=\"450\" data-share=\"1\" ><\/div>\n<!-- Facebook Like Button Vivacity Infotech END -->\n","protected":false},"excerpt":{"rendered":"<p>Unsere\u00a0 Konzerte Fester Bestandteil unseres Orchesterlebens sind die Konzerte \u201eMeine sch\u00f6nste Melodie\u201c. Der heute vielleicht etwas altmodisch anmutende Name steht f\u00fcr eine Konzertreihe mit Musik der verschiedensten musikalischen Genres, die [&hellip;]<\/p>\n","protected":false},"author":2,"featured_media":0,"parent":6,"menu_order":3,"comment_status":"closed","ping_status":"closed","template":"","meta":{"_price":"","_stock":"","_tribe_ticket_header":"","_tribe_default_ticket_provider":"","_tribe_ticket_capacity":"0","_ticket_start_date":"","_ticket_end_date":"","_tribe_ticket_show_description":"","_tribe_ticket_show_not_going":false,"_tribe_ticket_use_global_stock":"","_tribe_ticket_global_stock_level":"","_global_stock_mode":"","_global_stock_cap":"","_tribe_rsvp_for_event":"","_tribe_ticket_going_count":"","_tribe_ticket_not_going_count":"","_tribe_tickets_list":"[]","_tribe_ticket_has_attendee_info_fields":false,"footnotes":"","_tec_slr_enabled":"","_tec_slr_layout":""},"class_list":["post-178","page","type-page","status-publish","hentry"],"ticketed":false,"_links":{"self":[{"href":"https:\/\/zeiss-orchester.de\/index.php?rest_route=\/wp\/v2\/pages\/178","targetHints":{"allow":["GET"]}}],"collection":[{"href":"https:\/\/zeiss-orchester.de\/index.php?rest_route=\/wp\/v2\/pages"}],"about":[{"href":"https:\/\/zeiss-orchester.de\/index.php?rest_route=\/wp\/v2\/types\/page"}],"author":[{"embeddable":true,"href":"https:\/\/zeiss-orchester.de\/index.php?rest_route=\/wp\/v2\/users\/2"}],"replies":[{"embeddable":true,"href":"https:\/\/zeiss-orchester.de\/index.php?rest_route=%2Fwp%2Fv2%2Fcomments&post=178"}],"version-history":[{"count":0,"href":"https:\/\/zeiss-orchester.de\/index.php?rest_route=\/wp\/v2\/pages\/178\/revisions"}],"up":[{"embeddable":true,"href":"https:\/\/zeiss-orchester.de\/index.php?rest_route=\/wp\/v2\/pages\/6"}],"wp:attachment":[{"href":"https:\/\/zeiss-orchester.de\/index.php?rest_route=%2Fwp%2Fv2%2Fmedia&parent=178"}],"curies":[{"name":"wp","href":"https:\/\/api.w.org\/{rel}","templated":true}]}}