{"id":173,"date":"2014-03-10T15:53:33","date_gmt":"2014-03-10T13:53:33","guid":{"rendered":"http:\/\/arbeitstitel.bplaced.de\/?page_id=173"},"modified":"2026-04-24T08:12:52","modified_gmt":"2026-04-24T06:12:52","slug":"impressum","status":"publish","type":"page","link":"https:\/\/zeiss-orchester.de\/?page_id=173","title":{"rendered":"IMPRESSUM"},"content":{"rendered":"\n<!-- Facebook Like Button Vivacity Infotech BEGIN -->\n<div class=\"fb-like\" data-href=\"https:\/\/zeiss-orchester.de\/?page_id=173\" data-layout=\"button\" data-action=\"like\" data-show-faces=\"false\" data-size=\"small\" data-width=\"450\" data-share=\"1\" ><\/div>\n<!-- Facebook Like Button Vivacity Infotech END -->\n<div align=\"justify\">\n<p>Das Sinfonieorchester Carl Zeiss Jena ist unter dem Namen Sinfonieorchester Carl Zeiss Jena e.V. (SOZ) im Vereinsregister des Amtsgerichts Jena unter der laufenden Nummer VR 230301 registriert.<\/p>\n<p><strong>Rechtsgesch\u00e4ftlicher Vertreter ist der Vorsitzende:\u00a0\u00a0\u00a0\u00a0\u00a0\u00a0\u00a0\u00a0\u00a0\u00a0\u00a0\u00a0\u00a0\u00a0\u00a0\u00a0\u00a0\u00a0\u00a0\u00a0\u00a0 <\/strong><strong>\u00a0 \u00a0 \u00a0\u00a0<\/strong><\/p>\n<p>Ralf Venth<\/p>\n<p>Tel. 03641 446002<\/p>\n<\/div>\n<div align=\"justify\">\n<p><strong>Vertretungsberechtigt:<\/strong><\/p>\n<p>Nicola Venth, Tel. 03641 446002<\/p>\n<p>Astrid Lindner, Tel. 0157 78310159<\/p>\n<p>email:\u00a0 \u00a0 \u00a0 zeiss-orchester@gmx.de<\/p>\n<p>Um unseren Klangk\u00f6rper finanziell zu unterst\u00fctzen, k\u00f6nnen Sie uns gern eine Spende zukommen lassen. Daf\u00fcr sind wir sehr dankbar.<\/p>\n<p><strong>IBAN:\u00a0<\/strong>DE50 8305 3030 0000 0679 97 \u00a0\u00a0 Geldinstitut: Sparkasse Jena<\/p>\n<p>Selbstverst\u00e4ndlich erhalten Sie eine Zuwendungsbest\u00e4tigung f\u00fcrs Finanzamt! Wenden Sie sich dann bitte unter den oben angegebenen Kontaktm\u00f6glichkeiten an uns oder\u00a0 an die Orchestermailadresse<a href=\"mailto:zeiss-orchester@gmx.de\">\u00a0<span style=\"color: #0000ff;\">zeiss-orchester@gmx.de<\/span><\/a><span style=\"color: #0000ff;\">.<\/span><\/p>\n<p>Der Inhalt dieser Seiten ist urheberrechtlich gesch\u00fctzt. Bilder, Texte und Grafiken sowie Inhalt und Struktur dieser Website unterliegen dem Schutz des Urheberrechts und anderen Gesetzen zum Schutz des geistigen Eigentums. Diese sind nur f\u00fcr die pers\u00f6nliche Information bestimmt. Jede weitergehende Verwendung, insbesondere die Speicherung in Datenbanken, Verwendung in anderen Medien, Vervielf\u00e4ltigung und jede Form von gewerblicher Nutzung sowie die Weitergabe an Dritte ohne Zustimmung des Vorstandes der SOZ sind untersagt.<\/p>\n<p>Trotz sorgf\u00e4ltiger inhaltlicher Kontrolle \u00fcbernimmt die SOZ keine Haftung f\u00fcr die Inhalte externer Links. F\u00fcr Internetseiten Dritter, auf die ein Hyperlink verweist, tragen die jeweiligen Anbieter die Verantwortung. Das SOZ ist f\u00fcr den Inhalt solcher Seiten Dritter nicht verantwortlich und nicht verpflichtet, \u00fcbermittelte oder gespeicherte Informationen zu \u00fcberwachen oder nach Umst\u00e4nden zu forschen, die auf eine rechtswidrige T\u00e4tigkeit hindeuten.<\/p>\n<p>Die Rechte der in der Bildergalerie gespeicherten Bilder liegen gem\u00e4\u00df des Deutschen Urheberrechts beim Urheber selbst.<\/p>\n<p>Sollten Sie der Ansicht sein, dass dieser Internetauftritt Sie pers\u00f6nlich oder Ihr Unternehmen urheber- oder wettbewerbsrechtlich oder in sonstigen Rechten verletzt, bitten wir Sie, uns bereits im Vorfeld zur Vermeidung unn\u00f6tiger Rechtsstreite und Kosten zu kontaktieren. Eine solche Rechtsverletzung liegt in keiner Weise in unserer Absicht und wird auf Ihren Hinweis hin unverz\u00fcglich beseitigt. Die Kostennote einer anwaltlichen Abmahnung ohne vorhergehende Kontaktaufnahme mit uns wird im Sinne der Verletzung der Schadenminderungspflicht als unbegr\u00fcndet zur\u00fcckgewiesen.<\/p>\n<\/div>\n\n<!-- Facebook Like Button Vivacity Infotech BEGIN -->\n<div class=\"fb-like\" data-href=\"https:\/\/zeiss-orchester.de\/?page_id=173\" data-layout=\"button\" data-action=\"like\" data-show-faces=\"false\" data-size=\"small\" data-width=\"450\" data-share=\"1\" ><\/div>\n<!-- Facebook Like Button Vivacity Infotech END -->\n","protected":false},"excerpt":{"rendered":"<p>Das Sinfonieorchester Carl Zeiss Jena ist unter dem Namen Sinfonieorchester Carl Zeiss Jena e.V. (SOZ) im Vereinsregister des Amtsgerichts Jena unter der laufenden Nummer VR 230301 registriert. Rechtsgesch\u00e4ftlicher Vertreter ist [&hellip;]<\/p>\n","protected":false},"author":2,"featured_media":0,"parent":6,"menu_order":0,"comment_status":"closed","ping_status":"closed","template":"","meta":{"_price":"","_stock":"","_tribe_ticket_header":"","_tribe_default_ticket_provider":"","_tribe_ticket_capacity":"0","_ticket_start_date":"","_ticket_end_date":"","_tribe_ticket_show_description":"","_tribe_ticket_show_not_going":false,"_tribe_ticket_use_global_stock":"","_tribe_ticket_global_stock_level":"","_global_stock_mode":"","_global_stock_cap":"","_tribe_rsvp_for_event":"","_tribe_ticket_going_count":"","_tribe_ticket_not_going_count":"","_tribe_tickets_list":"[]","_tribe_ticket_has_attendee_info_fields":false,"footnotes":"","_tec_slr_enabled":"","_tec_slr_layout":""},"class_list":["post-173","page","type-page","status-publish","hentry"],"ticketed":false,"_links":{"self":[{"href":"https:\/\/zeiss-orchester.de\/index.php?rest_route=\/wp\/v2\/pages\/173","targetHints":{"allow":["GET"]}}],"collection":[{"href":"https:\/\/zeiss-orchester.de\/index.php?rest_route=\/wp\/v2\/pages"}],"about":[{"href":"https:\/\/zeiss-orchester.de\/index.php?rest_route=\/wp\/v2\/types\/page"}],"author":[{"embeddable":true,"href":"https:\/\/zeiss-orchester.de\/index.php?rest_route=\/wp\/v2\/users\/2"}],"replies":[{"embeddable":true,"href":"https:\/\/zeiss-orchester.de\/index.php?rest_route=%2Fwp%2Fv2%2Fcomments&post=173"}],"version-history":[{"count":28,"href":"https:\/\/zeiss-orchester.de\/index.php?rest_route=\/wp\/v2\/pages\/173\/revisions"}],"predecessor-version":[{"id":3456,"href":"https:\/\/zeiss-orchester.de\/index.php?rest_route=\/wp\/v2\/pages\/173\/revisions\/3456"}],"up":[{"embeddable":true,"href":"https:\/\/zeiss-orchester.de\/index.php?rest_route=\/wp\/v2\/pages\/6"}],"wp:attachment":[{"href":"https:\/\/zeiss-orchester.de\/index.php?rest_route=%2Fwp%2Fv2%2Fmedia&parent=173"}],"curies":[{"name":"wp","href":"https:\/\/api.w.org\/{rel}","templated":true}]}}