{"id":161,"date":"2014-03-10T15:25:22","date_gmt":"2014-03-10T13:25:22","guid":{"rendered":"http:\/\/arbeitstitel.bplaced.de\/?page_id=161"},"modified":"2026-02-24T13:55:28","modified_gmt":"2026-02-24T12:55:28","slug":"unsere-spielregeln","status":"publish","type":"page","link":"https:\/\/zeiss-orchester.de\/?page_id=161","title":{"rendered":"Unsere Spielregeln"},"content":{"rendered":"\n<!-- Facebook Like Button Vivacity Infotech BEGIN -->\n<div class=\"fb-like\" data-href=\"https:\/\/zeiss-orchester.de\/?page_id=161\" data-layout=\"button\" data-action=\"like\" data-show-faces=\"false\" data-size=\"small\" data-width=\"450\" data-share=\"1\" ><\/div>\n<!-- Facebook Like Button Vivacity Infotech END -->\n<h3><strong><span style=\"font-size: medium;\">Orchesterordnung f<\/span>\u00fcr das Sinfonieorchester Carl Zeiss Jena e.V.<\/strong><\/h3>\n<div align=\"justify\">Das SOZ gibt sich eine Orchesterordnung (\u201eSpielregeln\u201c), welche das Zusammenwirken innerhalb des Orchesters speziell w\u00e4hrend der Proben und Konzerte regeln soll.<\/div>\n<div align=\"justify\"><\/div>\n<div align=\"justify\"><\/div>\n<div align=\"justify\"><\/div>\n<div align=\"justify\"><em><strong>1. Pr\u00e4ambel<\/strong><\/em><\/div>\n<div align=\"justify\"><\/div>\n<p>Das Orchester steht allen Musikerinnen und Musikern offen, die sich den Zielen der Arbeit dieses Orchesters, entsprechend der Satzung, verpflichtet f\u00fchlen und \u00fcber ein dem k\u00fcnstlerischen Anspruch des Orchesters angemessenes instrumentaltechnisches und musikalisches K\u00f6nnen verf\u00fcgen.<\/p>\n<p>Neue Mitspieler k\u00f6nnen jederzeit an den Proben teilnehmen, ein Vorspiel ist zun\u00e4chst nicht erforderlich, kann aber nach einigen Wochen vom Registerf\u00fchrer und k\u00fcnstlerischen Leiter erbeten werden. Die Beantragung der Mitgliedschaft erfolgt entsprechend der Satzung. Nach sechs\u00a0 Monaten ist man zahlendes Mitglied (siehe Beitragsordnung). Zur Erhaltung und Weiterentwicklung der k\u00fcnstlerischen Qualit\u00e4t des Orchesters ist die Unterst\u00fctzung der Probenarbeit und Vorbereitung von Auftritten durch alle Mitglieder erforderlich.<\/p>\n<p><em><strong>2. Pflichten der Orchestermitglieder<\/strong><\/em><\/p>\n<p><em><strong>a) Probenbesuch<\/strong><\/em><\/p>\n<p>Der regelm\u00e4\u00dfige und p\u00fcnktliche Probenbesuch sowie die sorgf\u00e4ltige Vorbereitung sind f\u00fcr die k\u00fcnstlerische Qualit\u00e4t unerl\u00e4sslich und Voraussetzung f\u00fcr die Teilnahme am Konzert.\u00a0 \u00a0 Die Proben finden jeden Montag von 18.00 \u2013 20.15 Uhr im Schulungsraum des DRK in der Dammstr. 32 statt. Der Probenraum steht eine halbe Stunde vor Probenbeginn f\u00fcr Aufbau, Vorbereitungen und zum Einspielen offen. Beim Aufbau der St\u00fchle und Pulte ist Hilfe erw\u00fcnscht. Hier darf sich jeder angesprochen f\u00fchlen.<\/p>\n<p>Die Sitzordnung wird vom Dirigenten und in den Registern festgelegt. Alle Mitglieder verpflichten sich, w\u00f6chentlich an den Proben teilzunehmen und sich zu diesem Zwecke selbst\u00e4ndig \u00fcber den Probenplan sowie \u00fcber kurzfristige \u00c4nderungen von Ort und Zeit zu erkundigen. Jedes Mitglied verpflichtet sich zum individuellen \u00dcben der f\u00fcr die jeweilige Probe (schriftlich oder m\u00fcndlich) angek\u00fcndigten St\u00fccke. Bei Verhinderung muss jedes Mitglied rechtzeitig vor der n\u00e4chsten Probe den jeweiligen Stimmf\u00fchrer (in Ausnahmef\u00e4llen den k\u00fcnstlerische Leiter) informieren. Die Proben m\u00fcssen p\u00fcnktlich zur festgesetzten Zeit beginnen k\u00f6nnen; deshalb ist es n\u00f6tig, dass alle Mitspieler rechtzeitig vor Probenbeginn erscheinen und ihre Instrumente einstimmen. Mitspieler, welche aus begr\u00fcndetem Anlass sp\u00e4ter kommen, d\u00fcrfen den Probenablauf nicht st\u00f6ren. Die Teilnahme an festgelegten Sonderproben, Probenwochenenden und der Generalprobe ist die Voraussetzung f\u00fcr das Mitwirken im Konzert. Ausnahmen sind mit dem jeweiligen Stimmf\u00fchrer und dem k\u00fcnstlerischen Leiter (Dirigenten) abzustimmen. Bei erheblichen Defiziten kann die Orchesterleitung \u00fcber eine Nichtteilnahme am Konzert entscheiden.<\/p>\n<p><strong><em>b) Besetzungsfragen <\/em><\/strong><\/p>\n<p>Die Registermitglieder nehmen eine Stimmenzuteilung zu Beginn der Probenarbeit selbst vor bzw. besprechen sie mit dem Dirigenten. Die letzte Entscheidung liegt beim Dirigenten.<\/p>\n<p><em><strong style=\"font-size: revert;\">c) Umgang mit dem Notenmaterial<\/strong><\/em><\/p>\n<div align=\"justify\">\n<p>Die Stimmen sind sorgsam zu behandeln und nach den Proben immer in den Stimmmappen zu belassen. Werden Stimmen zum \u00dcben mit nach Hause genommen, muss das mit dem Stimmf\u00fchrer abgesprochen werden. Die Stimmmappen selbst d\u00fcrfen nicht mitgenommen werden. Es muss gew\u00e4hrleistet sein, dass zur Probe immer alle Stimmen komplett vorhanden sind. Nach Beendigung des jeweiligen Programmes (unmittelbar nach dem Konzert) m\u00fcssen die Stimmen vollst\u00e4ndig zur\u00fcckgegeben werden.<\/p>\n<p>Werden Stimmen durch unsachgem\u00e4\u00dfe Behandlung besch\u00e4digt oder gehen verloren, dann hat derjenige, der die Besch\u00e4digung oder den Verlust verursacht hat, die Kosten, die f\u00fcr die Wiederbeschaffung anfallen, zu tragen.<\/p>\n<p>Alle Absprachen (Dynamik, Striche, Spr\u00fcnge, &#8230;) sind umgehend in allen Pulten einzutragen. Eintragungen sind ausschlie\u00dflich mit weichem Bleistift auszuf\u00fchren (in geliehenen Noten nie farbig, Kuli oder Filzstift). Sollten Eintragungen in einem Pult wegen Probenabwesenheit nicht vorhanden sein, sind diese vor Beginn der n\u00e4chsten Probe nachzuholen.<\/p>\n<p>Hintere Pulte bei den Streichern m\u00fcssen Eintragungen aktiv von den vorderen Pulten \u00fcbernehmen. Die Stimmf\u00fchrer bei den Streichern sind daf\u00fcr verantwortlich, dass ausreichend lange vor der Auff\u00fchrung (m\u00f6glichst 4 Wochen vorher) einheitliche Striche festgelegt sind. Diese Striche sind f\u00fcr die Auff\u00fchrung verbindlich.<\/p>\n<p>In Noten des Zeiss-Orchesters (erkennbar z.B. am Aufdruck) sind in der Regel bew\u00e4hrte Eintragungen vorhanden, die weitergenutzt oder in Absprache ge\u00e4ndert werden m\u00fcssen. Oft wird aus Leihmaterial gespielt. Dort d\u00fcrfen in der Regel keine Eintragungen ver\u00e4ndert oder erg\u00e4nzt werden. Die Hinweise des Dirigenten sind zu beachten.<\/p>\n<p><em><strong>d) Kleiderordnung f\u00fcr Konzerte<\/strong><\/em><\/p>\n<p>Um ein ansprechendes Erscheinungsbild des Orchesters bei Konzerten zu gew\u00e4hrleisten, wird als Konzertkleidung folgendes vorgegeben:<\/p>\n<p><u>Damen:<\/u><br \/>\nRock oder Hose in Schwarz, keine Jeans oder Caprihose!<br \/>\nWei\u00dfe Bluse<br \/>\nSchwarze Konzertschuhe, keine Stiefel oder Stiefeletten.<br \/>\nAlternativ: Schwarzes Kleid<br \/>\nR\u00f6cke bzw. Kleider beim Sitzen mindestens knielang<\/p>\n<p><u>Herren:<\/u><br \/>\nHose und Sakko in Schwarz, keine Jeans!<br \/>\nWei\u00dfes Hemd, Binder<br \/>\nSchwarze Schuhe und Str\u00fcmpfe.<\/p>\n<\/div>\n<p><span style=\"font-size: xx-small;\">Diese Orchesterordnung wurde vom Vorstand verabschiedet.<br \/>\nStand: 02\/2026<\/span><\/p>\n\n<!-- Facebook Like Button Vivacity Infotech BEGIN -->\n<div class=\"fb-like\" data-href=\"https:\/\/zeiss-orchester.de\/?page_id=161\" data-layout=\"button\" data-action=\"like\" data-show-faces=\"false\" data-size=\"small\" data-width=\"450\" data-share=\"1\" ><\/div>\n<!-- Facebook Like Button Vivacity Infotech END -->\n","protected":false},"excerpt":{"rendered":"<p>Orchesterordnung f\u00fcr das Sinfonieorchester Carl Zeiss Jena e.V. Das SOZ gibt sich eine Orchesterordnung (\u201eSpielregeln\u201c), welche das Zusammenwirken innerhalb des Orchesters speziell w\u00e4hrend der Proben und Konzerte regeln soll. 1. [&hellip;]<\/p>\n","protected":false},"author":2,"featured_media":0,"parent":14,"menu_order":0,"comment_status":"closed","ping_status":"closed","template":"","meta":{"_price":"","_stock":"","_tribe_ticket_header":"","_tribe_default_ticket_provider":"","_tribe_ticket_capacity":"0","_ticket_start_date":"","_ticket_end_date":"","_tribe_ticket_show_description":"","_tribe_ticket_show_not_going":false,"_tribe_ticket_use_global_stock":"","_tribe_ticket_global_stock_level":"","_global_stock_mode":"","_global_stock_cap":"","_tribe_rsvp_for_event":"","_tribe_ticket_going_count":"","_tribe_ticket_not_going_count":"","_tribe_tickets_list":"[]","_tribe_ticket_has_attendee_info_fields":false,"footnotes":"","_tec_slr_enabled":"","_tec_slr_layout":""},"class_list":["post-161","page","type-page","status-publish","hentry"],"ticketed":false,"_links":{"self":[{"href":"https:\/\/zeiss-orchester.de\/index.php?rest_route=\/wp\/v2\/pages\/161","targetHints":{"allow":["GET"]}}],"collection":[{"href":"https:\/\/zeiss-orchester.de\/index.php?rest_route=\/wp\/v2\/pages"}],"about":[{"href":"https:\/\/zeiss-orchester.de\/index.php?rest_route=\/wp\/v2\/types\/page"}],"author":[{"embeddable":true,"href":"https:\/\/zeiss-orchester.de\/index.php?rest_route=\/wp\/v2\/users\/2"}],"replies":[{"embeddable":true,"href":"https:\/\/zeiss-orchester.de\/index.php?rest_route=%2Fwp%2Fv2%2Fcomments&post=161"}],"version-history":[{"count":17,"href":"https:\/\/zeiss-orchester.de\/index.php?rest_route=\/wp\/v2\/pages\/161\/revisions"}],"predecessor-version":[{"id":3426,"href":"https:\/\/zeiss-orchester.de\/index.php?rest_route=\/wp\/v2\/pages\/161\/revisions\/3426"}],"up":[{"embeddable":true,"href":"https:\/\/zeiss-orchester.de\/index.php?rest_route=\/wp\/v2\/pages\/14"}],"wp:attachment":[{"href":"https:\/\/zeiss-orchester.de\/index.php?rest_route=%2Fwp%2Fv2%2Fmedia&parent=161"}],"curies":[{"name":"wp","href":"https:\/\/api.w.org\/{rel}","templated":true}]}}